{"id":59,"date":"2011-06-21T21:25:02","date_gmt":"2011-06-21T21:25:02","guid":{"rendered":"http:\/\/demopoolen.se\/?page_id=59"},"modified":"2011-12-14T19:16:46","modified_gmt":"2011-12-14T19:16:46","slug":"kontakt","status":"publish","type":"page","link":"https:\/\/demopoolen.se\/?page_id=59","title":{"rendered":"Kontakt"},"content":{"rendered":"<p><!--CTYPE html PUBLIC \"-\/\/W3C\/\/DTD XHTML 1.0 Transitional\/\/EN\" \"http:\/\/www.w3.org\/TR\/xhtml1\/DTD\/xhtml1-transitional.dt-->Kontorsadress:<br \/>\nDemopoolen Sales Partner<br \/>\nHasselstigen 7<br \/>\n169 38 Solna<\/p>\n<p>E-post: <a href=\"mailto:sales@demopoolen.se\" target=\"_blank\">sales@demopoolen.se<br \/>\n<\/a>Fax:08-82 54 54<\/p>\n<p>Serviceadress:<br \/>\nDemopoolen Sales Partner<br \/>\nTallbacksgatan 11, hus 7<br \/>\n195 72 ROSERSBERG<\/p>\n<p>E-post: <a href=\"mailto:service@demopoolen.se\" target=\"_blank\">service@demopoolen.se<\/a><\/p>\n<p>Kontaktpersoner:<\/p>\n<p>Lars Eric Forss\u00e9n<br \/>\nF\u00f6rs\u00e4ljning &#8211; Webhotell &#8211; Installationer \u2013 Service<\/p>\n<p>Telefon: 073-80 84 057<br \/>\nE-post: <a href=\"mailto:eric.forssen@demopoolen.se\" target=\"_blank\">eric.forssen@demopoolen.se<\/a><\/p>\n<p>Paul Roman<\/p>\n<p>Digital Signage &#8211; Installationer \u2013 Service<\/p>\n<p>Telefon: 0709-45 44 86<br \/>\nE-post: <a href=\"mailto:paul.roman@demopoolen.se\" target=\"_blank\">paul.roman@demopoolen.se<\/a><\/p>\n","protected":false},"excerpt":{"rendered":"<p>Kontorsadress: Demopoolen Sales Partner Hasselstigen 7 169 38 Solna E-post: sales@demopoolen.se Fax:08-82 54 54 Serviceadress: Demopoolen Sales Partner Tallbacksgatan 11, hus 7 195 72 ROSERSBERG E-post: service@demopoolen.se Kontaktpersoner: Lars Eric Forss\u00e9n F\u00f6rs\u00e4ljning &#8211; Webhotell &#8211; Installationer \u2013 Service Telefon: 073-80 84 057 E-post: eric.forssen@demopoolen.se Paul Roman Digital Signage &#8211; Installationer \u2013 Service Telefon: 0709-45 44 &hellip; <\/p>\n<p class=\"link-more\"><a href=\"https:\/\/demopoolen.se\/?page_id=59\" class=\"more-link\">Forts\u00e4tt l\u00e4sa<span class=\"screen-reader-text\"> \u201dKontakt\u201d<\/span><\/a><\/p>\n","protected":false},"author":1,"featured_media":0,"parent":0,"menu_order":14,"comment_status":"closed","ping_status":"closed","template":"","meta":{"footnotes":""},"class_list":["post-59","page","type-page","status-publish","hentry"],"_links":{"self":[{"href":"https:\/\/demopoolen.se\/index.php?rest_route=\/wp\/v2\/pages\/59","targetHints":{"allow":["GET"]}}],"collection":[{"href":"https:\/\/demopoolen.se\/index.php?rest_route=\/wp\/v2\/pages"}],"about":[{"href":"https:\/\/demopoolen.se\/index.php?rest_route=\/wp\/v2\/types\/page"}],"author":[{"embeddable":true,"href":"https:\/\/demopoolen.se\/index.php?rest_route=\/wp\/v2\/users\/1"}],"replies":[{"embeddable":true,"href":"https:\/\/demopoolen.se\/index.php?rest_route=%2Fwp%2Fv2%2Fcomments&post=59"}],"version-history":[{"count":5,"href":"https:\/\/demopoolen.se\/index.php?rest_route=\/wp\/v2\/pages\/59\/revisions"}],"predecessor-version":[{"id":186,"href":"https:\/\/demopoolen.se\/index.php?rest_route=\/wp\/v2\/pages\/59\/revisions\/186"}],"wp:attachment":[{"href":"https:\/\/demopoolen.se\/index.php?rest_route=%2Fwp%2Fv2%2Fmedia&parent=59"}],"curies":[{"name":"wp","href":"https:\/\/api.w.org\/{rel}","templated":true}]}}